{"id":87697,"date":"2024-07-31T17:24:39","date_gmt":"2024-07-31T17:24:39","guid":{"rendered":"https:\/\/villazancot.com\/temoignages\/"},"modified":"2024-08-21T23:09:29","modified_gmt":"2024-08-21T23:09:29","slug":"testimonios","status":"publish","type":"page","link":"https:\/\/villazancot.com\/es\/testimonios\/","title":{"rendered":"Testimonios"},"content":{"rendered":"<section class=\"wpb-content-wrapper\"><p>[vc_row][vc_column]\t\n\t\t<!-- BEGIN .sohohotel-testimonial-wrapper -->\n\t\t<div class=\"sohohotel-testimonial-wrapper sohohotel-testimonial-wrapper-light\">\n\t\t\t\n\t\t<!-- BEGIN .sohohotel-testimonial-list- -->\n\t\t<div class=\"sohohotel-testimonial-list sohohotel-testimonial-listing-page\">\n\t\t\t\n\t\t\t\n\t\t\t\t\t\t\n\t\t\t<!-- BEGIN .sohohotel-testimonial-block -->\n\t\t\t<div class=\"sohohotel-testimonial-block\">\n\t\t\t\t\n\t\t\t\t<div>\n\t\t\t\t\t<span class=\"sohohotel-open-quote\">\u201c<\/span>\n\t\t\t\t\t<div data-testid=\"review-positive-text\">\n<div class=\"ebe55ef853 ddd741d988\">\n<div class=\"fdf32a93cb\">\n<div class=\"e2585683de b3eee3fa45\">nous avons pass\u00e9 un superbe moment dans cet endroit tr\u00e8s beau, et d\u00e9cor\u00e9 avec beaucoup de go\u00fbt. Nous avons appr\u00e9ci\u00e9 l&#8217;accueil chaleureux et les conseils de Salah ainsi que la gentillesse de Norbert. je recommande fortement cet endroit. Nous reviendrons avec grand plaisir.<\/div>\n<\/div>\n<\/div>\n<\/div>\n\t\t\t\t\t<span class=\"sohohotel-close-quote\">\u201d<\/span>\n\t\t\t\t<\/div>\n\n\t\t\t\t\n\t\t\t\t<div class=\"sohohotel-testimonial-author\"><p>Sophie - <span>France<\/span><\/p><\/div>\n\t\t\t\t\n\t\t\t<!-- END .sohohotel-testimonial-block -->\n\t\t\t<\/div>\n\t\t\t\n\t\t\t\n\t\t\t\t\t\t\n\t\t\t<!-- BEGIN .sohohotel-testimonial-block -->\n\t\t\t<div class=\"sohohotel-testimonial-block\">\n\t\t\t\t\n\t\t\t\t<div>\n\t\t\t\t\t<span class=\"sohohotel-open-quote\">\u201c<\/span>\n\t\t\t\t\t<p>Nous avons beaucoup aim\u00e9 l&#8217;accueil chaleureux . Nous avons eu l&#8217;occasion de b\u00e9n\u00e9ficier du service personnalis\u00e9. Sur place, tout \u00e9tait impeccable que ce soit les chambres, la terrasse vue sur mer.<br \/>\nMerci pour cette d\u00e9couverte.<\/p>\n\t\t\t\t\t<span class=\"sohohotel-close-quote\">\u201d<\/span>\n\t\t\t\t<\/div>\n\n\t\t\t\t\n\t\t\t\t<div class=\"sohohotel-testimonial-author\"><p>Redouane - <span>Belgique<\/span><\/p><\/div>\n\t\t\t\t\n\t\t\t<!-- END .sohohotel-testimonial-block -->\n\t\t\t<\/div>\n\t\t\t\n\t\t\t\n\t\t\t\t\t\t\n\t\t\t<!-- BEGIN .sohohotel-testimonial-block -->\n\t\t\t<div class=\"sohohotel-testimonial-block\">\n\t\t\t\t\n\t\t\t\t<div>\n\t\t\t\t\t<span class=\"sohohotel-open-quote\">\u201c<\/span>\n\t\t\t\t\t<p>On a tous ador\u00e9. M. Norbert et Salah \u00e9taient attentifs et aux petits soins. C&#8217;est une nouvelle maison d&#8217;h\u00f4tes et l&#8217;accueil \u00e9tait tr\u00e8s chaleureux. Les chambres sont magnifiques, chacune racontant une histoire. Nous \u00e9tions dans la chambre Alexandrine et toute la d\u00e9coration \u00e9tait li\u00e9e \u00e0 l&#8217;histoire de cette ville. La terrasse est magnifique. Le petit-d\u00e9jeuner \u00e9tait d\u00e9licieux chaque matin, M. Norbert nous surprenait avec une nouvelle recette \u00e0 chaque fois. Vraiment une exp\u00e9rience \u00e0 refaire d\u00e8s que j&#8217;ai besoin de me ressourcer, \u00e0 tester que ce soit en famille, en couple ou entre amis!<\/p>\n\t\t\t\t\t<span class=\"sohohotel-close-quote\">\u201d<\/span>\n\t\t\t\t<\/div>\n\n\t\t\t\t\n\t\t\t\t<div class=\"sohohotel-testimonial-author\"><p>Baba - <span>Maroc<\/span><\/p><\/div>\n\t\t\t\t\n\t\t\t<!-- END .sohohotel-testimonial-block -->\n\t\t\t<\/div>\n\t\t\t\n\t\t\t\t\n\t\t<!-- END .sohohotel-testimonial-list- -->\n\t\t<\/div>\n\t\t\n\t\t<!-- END .sohohotel-testimonial-wrapper -->\n\t\t<\/div>\n\t\t\n\t\t\n\t\t\t<div class=\"sohohotel-pagination\"><span aria-label=\"P\u00e1gina 1\" aria-current=\"page\" class=\"page-numbers current\">1<\/span>\n<a aria-label=\"P\u00e1gina 2\" class=\"page-numbers\" href=\"https:\/\/villazancot.com\/es\/wp-json\/wp\/v2\/pages\/87697\/page\/2\/\">2<\/a>\n<a class=\"next page-numbers\" href=\"https:\/\/villazancot.com\/es\/wp-json\/wp\/v2\/pages\/87697\/page\/2\/\">&raquo;<\/a><\/div>\n\t\t[vc_empty_space height=\u00bb30px\u00bb][\/vc_column][\/vc_row]<\/p>\n<\/section>","protected":false},"excerpt":{"rendered":"<p>[vc_row][vc_column][vc_empty_space height=\u00bb30px\u00bb][\/vc_column][\/vc_row]<\/p>\n<a href=\"https:\/\/villazancot.com\/es\/testimonials\/avis-4\/\" class=\"sohohotel-more-link\">Seguir leyendo<\/a>","protected":false},"author":1,"featured_media":0,"parent":0,"menu_order":0,"comment_status":"closed","ping_status":"closed","template":"","meta":{"inline_featured_image":false,"footnotes":""},"class_list":["post-87697","page","type-page","status-publish","hentry"],"_links":{"self":[{"href":"https:\/\/villazancot.com\/es\/wp-json\/wp\/v2\/pages\/87697","targetHints":{"allow":["GET"]}}],"collection":[{"href":"https:\/\/villazancot.com\/es\/wp-json\/wp\/v2\/pages"}],"about":[{"href":"https:\/\/villazancot.com\/es\/wp-json\/wp\/v2\/types\/page"}],"author":[{"embeddable":true,"href":"https:\/\/villazancot.com\/es\/wp-json\/wp\/v2\/users\/1"}],"replies":[{"embeddable":true,"href":"https:\/\/villazancot.com\/es\/wp-json\/wp\/v2\/comments?post=87697"}],"version-history":[{"count":2,"href":"https:\/\/villazancot.com\/es\/wp-json\/wp\/v2\/pages\/87697\/revisions"}],"predecessor-version":[{"id":87702,"href":"https:\/\/villazancot.com\/es\/wp-json\/wp\/v2\/pages\/87697\/revisions\/87702"}],"wp:attachment":[{"href":"https:\/\/villazancot.com\/es\/wp-json\/wp\/v2\/media?parent=87697"}],"curies":[{"name":"wp","href":"https:\/\/api.w.org\/{rel}","templated":true}]}}