{"id":87907,"date":"2024-07-31T17:24:39","date_gmt":"2024-07-31T17:24:39","guid":{"rendered":"https:\/\/villazancot.com\/contact\/"},"modified":"2024-08-21T23:22:28","modified_gmt":"2024-08-21T23:22:28","slug":"contacto","status":"publish","type":"page","link":"https:\/\/villazancot.com\/es\/contacto\/","title":{"rendered":"Cont\u00e1ctenos"},"content":{"rendered":"<section class=\"wpb-content-wrapper\"><p>[vc_row fixed_width=\u00bbtrue\u00bb][vc_column width=\u00bb1\/2&#8243;]\n<div class=\"wpcf7 no-js\" id=\"wpcf7-f68-o1\" lang=\"en-US\" dir=\"ltr\" data-wpcf7-id=\"68\">\n<div class=\"screen-reader-response\"><p role=\"status\" aria-live=\"polite\" aria-atomic=\"true\"><\/p> <ul><\/ul><\/div>\n<form action=\"\/es\/wp-json\/wp\/v2\/pages\/87907#wpcf7-f68-o1\" method=\"post\" class=\"wpcf7-form init\" aria-label=\"Contact form\" novalidate=\"novalidate\" data-status=\"init\">\n<fieldset class=\"hidden-fields-container\"><input type=\"hidden\" name=\"_wpcf7\" value=\"68\" \/><input type=\"hidden\" name=\"_wpcf7_version\" value=\"6.1.1\" \/><input type=\"hidden\" name=\"_wpcf7_locale\" value=\"en_US\" \/><input type=\"hidden\" name=\"_wpcf7_unit_tag\" value=\"wpcf7-f68-o1\" \/><input type=\"hidden\" name=\"_wpcf7_container_post\" value=\"0\" \/><input type=\"hidden\" name=\"_wpcf7_posted_data_hash\" value=\"\" \/>\n<\/fieldset>\n<p><label> Votre nom<br \/>\n<span class=\"wpcf7-form-control-wrap\" data-name=\"your-name\"><input size=\"40\" maxlength=\"400\" class=\"wpcf7-form-control wpcf7-text wpcf7-validates-as-required\" aria-required=\"true\" aria-invalid=\"false\" value=\"\" type=\"text\" name=\"your-name\" \/><\/span> <\/label>\n<\/p>\n<p><label> Votre email<br \/>\n<span class=\"wpcf7-form-control-wrap\" data-name=\"your-email\"><input size=\"40\" maxlength=\"400\" class=\"wpcf7-form-control wpcf7-email wpcf7-validates-as-required wpcf7-text wpcf7-validates-as-email\" aria-required=\"true\" aria-invalid=\"false\" value=\"\" type=\"email\" name=\"your-email\" \/><\/span> <\/label>\n<\/p>\n<p><label> Sujet<br \/>\n<span class=\"wpcf7-form-control-wrap\" data-name=\"your-subject\"><input size=\"40\" maxlength=\"400\" class=\"wpcf7-form-control wpcf7-text wpcf7-validates-as-required\" aria-required=\"true\" aria-invalid=\"false\" value=\"\" type=\"text\" name=\"your-subject\" \/><\/span> <\/label>\n<\/p>\n<p><label> Votre message<br \/>\n<span class=\"wpcf7-form-control-wrap\" data-name=\"your-message\"><textarea cols=\"40\" rows=\"10\" maxlength=\"2000\" class=\"wpcf7-form-control wpcf7-textarea\" aria-invalid=\"false\" name=\"your-message\"><\/textarea><\/span> <\/label>\n<\/p>\n<p><input class=\"wpcf7-form-control wpcf7-submit has-spinner\" type=\"submit\" value=\"Envoyer\" \/>\n<\/p><div class=\"wpcf7-response-output\" aria-hidden=\"true\"><\/div>\n<\/form>\n<\/div>\n[\/vc_column][vc_column width=\u00bb1\/2&#8243;]<h3 class=\"sohohotel-title-20px sohohotel-clearfix sohohotel-title-left\">P\u00f3ngase en contacto con nosotros<\/h3>[vc_column_text]<\/p>\n<div class=\"wpb_text_column wpb_content_element \">\n<div class=\"wpb_wrapper\">\n<div class=\"flex flex-grow flex-col max-w-full\">\n<div class=\"min-h-[20px] text-message flex flex-col items-start whitespace-pre-wrap break-words [.text-message+&amp;]:mt-5 juice:w-full juice:items-end overflow-x-auto gap-3\" dir=\"auto\" data-message-author-role=\"assistant\" data-message-id=\"fc6174ad-b63c-4057-806e-735f9f9ea202\">\n<div class=\"markdown prose w-full break-words dark:prose-invert light\">\n<p>Necesita m\u00e1s informaci\u00f3n o reservar su estancia en villAzancot en T\u00e1nger? No dude en ponerse en contacto con nosotros. Nuestro equipo estar\u00e1 encantado de responder a todas sus preguntas y ayudarle a organizar su estancia para que disfrute de una experiencia inolvidable en nuestra casa de hu\u00e9spedes.<\/p><\/div>\n<\/div>\n<\/div>\n<\/div>\n<\/div>\n<p>[\/vc_column_text][vc_empty_space height=\u00bb35px\u00bb]<h3 class=\"sohohotel-title-20px sohohotel-clearfix sohohotel-title-left\">Informaci\u00f3n de contacto<\/h3><ul class=\"sohohotel-contact-details-list\"><li class=\"sohohotel-address clearfix\">60 Rue Bourrakia, 90000 Tanger<\/li><li class=\"sohohotel-phone clearfix\"><a href=\"tel:Fijo:00212539336143<br\/>Tel\u00e9fono:00212667198634\">Fijo: 00 212 5 39 33 61 43<br \/>Tel\u00e9fono: 00 212 6 67 19 86 34<\/a><\/li><li class=\"sohohotel-email clearfix\"><a href=\"mailto:contact@villazancot.com\">contact@villazancot.com<\/a><\/li><\/ul>[vc_empty_space height=\u00bb70px\u00bb][\/vc_column][\/vc_row][vc_row css=\u00bb.vc_custom_1625655823267{margin-top: 0px !important;margin-right: 0px !important;margin-bottom: 0px !important;margin-left: 0px !important;border-top-width: 0px !important;border-right-width: 0px !important;border-bottom-width: 0px !important;border-left-width: 0px !important;padding-top: 0px !important;padding-right: 0px !important;padding-bottom: 0px !important;padding-left: 0px !important;}\u00bb][vc_column css=\u00bb.vc_custom_1625655832067{margin-top: 0px !important;margin-right: 0px !important;margin-bottom: 0px !important;margin-left: 0px !important;border-top-width: 0px !important;border-right-width: 0px !important;border-bottom-width: 0px !important;border-left-width: 0px !important;padding-top: 0px !important;padding-right: 0px !important;padding-bottom: 0px !important;padding-left: 0px !important;}\u00bb][vc_gmaps link=\u00bb#E-8_JTNDaWZyYW1lJTIwc3JjJTNEJTIyaHR0cHMlM0ElMkYlMkZ3d3cuZ29vZ2xlLmNvbSUyRm1hcHMlMkZlbWJlZCUzRnBiJTNEJTIxMW0xOCUyMTFtMTIlMjExbTMlMjExZDY0Ni41NjYyMDg3ODAyOTglMjEyZC01LjgxODgwOTI1MzQ2NjY0OSUyMTNkMzUuNzg0MTM0MTAwOTMwNDclMjEybTMlMjExZjAlMjEyZjAlMjEzZjAlMjEzbTIlMjExaTEwMjQlMjEyaTc2OCUyMTRmMTMuMSUyMTNtMyUyMTFtMiUyMTFzMHhkMGM3OGFkZWFjY2Q3OGYlMjUzQTB4ZjljZGQ2NGUyOTQyYzkzYyUyMTJzNjAlMjUyMFJ1ZSUyNTIwU2lkaSUyNTIwQm91YXJyYWtpYSUyNTJDJTI1MjBUYW5nZXIlMjUyMDkwMDAwJTIxNWUwJTIxM20yJTIxMXNlbiUyMTJzbWElMjE0djE3MTUyOTU4NjYzNDUlMjE1bTIlMjExc2VuJTIxMnNtYSUyMiUyMHdpZHRoJTNEJTIyNjAwJTIyJTIwaGVpZ2h0JTNEJTIyNDUwJTIyJTIwc3R5bGUlM0QlMjJib3JkZXIlM0EwJTNCJTIyJTIwYWxsb3dmdWxsc2NyZWVuJTNEJTIyJTIyJTIwbG9hZGluZyUzRCUyMmxhenklMjIlMjByZWZlcnJlcnBvbGljeSUzRCUyMm5vLXJlZmVycmVyLXdoZW4tZG93bmdyYWRlJTIyJTNFJTNDJTJGaWZyYW1lJTNF\u00bb][\/vc_column][\/vc_row]<\/p>\n<\/section>","protected":false},"excerpt":{"rendered":"<p>[vc_row fixed_width=\u00bbtrue\u00bb][vc_column width=\u00bb1\/2&#8243;][\/vc_column][vc_column width=\u00bb1\/2&#8243;][vc_column_text] Necesita m\u00e1s informaci\u00f3n o reservar su estancia en villAzancot en T\u00e1nger? No dude en ponerse en contacto con nosotros. Nuestro equipo estar\u00e1 encantado de responder a todas sus preguntas y ayudarle a organizar su estancia para que disfrute de una experiencia inolvidable en nuestra casa de hu\u00e9spedes. [\/vc_column_text][vc_empty_space height=\u00bb35px\u00bb][vc_empty_space height=\u00bb70px\u00bb][\/vc_column][\/vc_row][vc_row css=\u00bb.vc_custom_1625655823267{margin-top:<\/p>\n<a href=\"https:\/\/villazancot.com\/es\/contacto\/\" class=\"sohohotel-more-link\">Seguir leyendo<\/a>","protected":false},"author":1,"featured_media":0,"parent":0,"menu_order":0,"comment_status":"closed","ping_status":"closed","template":"","meta":{"inline_featured_image":false,"footnotes":""},"class_list":["post-87907","page","type-page","status-publish","hentry"],"_links":{"self":[{"href":"https:\/\/villazancot.com\/es\/wp-json\/wp\/v2\/pages\/87907","targetHints":{"allow":["GET"]}}],"collection":[{"href":"https:\/\/villazancot.com\/es\/wp-json\/wp\/v2\/pages"}],"about":[{"href":"https:\/\/villazancot.com\/es\/wp-json\/wp\/v2\/types\/page"}],"author":[{"embeddable":true,"href":"https:\/\/villazancot.com\/es\/wp-json\/wp\/v2\/users\/1"}],"replies":[{"embeddable":true,"href":"https:\/\/villazancot.com\/es\/wp-json\/wp\/v2\/comments?post=87907"}],"version-history":[{"count":6,"href":"https:\/\/villazancot.com\/es\/wp-json\/wp\/v2\/pages\/87907\/revisions"}],"predecessor-version":[{"id":88010,"href":"https:\/\/villazancot.com\/es\/wp-json\/wp\/v2\/pages\/87907\/revisions\/88010"}],"wp:attachment":[{"href":"https:\/\/villazancot.com\/es\/wp-json\/wp\/v2\/media?parent=87907"}],"curies":[{"name":"wp","href":"https:\/\/api.w.org\/{rel}","templated":true}]}}